{"id":36,"date":"2024-03-26T14:33:57","date_gmt":"2024-03-26T14:33:57","guid":{"rendered":"https:\/\/affectionate-dubinsky.54-38-188-173.plesk.page\/?page_id=36"},"modified":"2024-03-30T02:17:59","modified_gmt":"2024-03-30T02:17:59","slug":"references-en-infrastructures-hydrauliques","status":"publish","type":"page","link":"https:\/\/satconsult.fr\/en\/references-en-infrastructures-hydrauliques\/","title":{"rendered":"Hydraulics infrastructures references"},"content":{"rendered":"<div data-elementor-type=\"wp-page\" data-elementor-id=\"36\" class=\"elementor elementor-36\">\n\t\t\t\t<div class=\"elementor-element elementor-element-cff6699 e-flex e-con-boxed e-con e-parent\" data-id=\"cff6699\" data-element_type=\"container\" data-core-v316-plus=\"true\">\n\t\t\t\t\t<div class=\"e-con-inner\">\n\t\t\t\t<div class=\"elementor-element elementor-element-c989039 elementor-widget elementor-widget-heading\" data-id=\"c989039\" data-element_type=\"widget\" data-widget_type=\"heading.default\">\n\t\t\t\t<div class=\"elementor-widget-container\">\n\t\t\t<style>\/*! elementor - v3.20.0 - 10-04-2024 *\/\n.elementor-heading-title{padding:0;margin:0;line-height:1}.elementor-widget-heading .elementor-heading-title[class*=elementor-size-]>a{color:inherit;font-size:inherit;line-height:inherit}.elementor-widget-heading .elementor-heading-title.elementor-size-small{font-size:15px}.elementor-widget-heading .elementor-heading-title.elementor-size-medium{font-size:19px}.elementor-widget-heading .elementor-heading-title.elementor-size-large{font-size:29px}.elementor-widget-heading .elementor-heading-title.elementor-size-xl{font-size:39px}.elementor-widget-heading .elementor-heading-title.elementor-size-xxl{font-size:59px}<\/style><h2 class=\"elementor-heading-title elementor-size-default\">Hydraulics infrastructures references<\/h2>\t\t<\/div>\n\t\t\t\t<\/div>\n\t\t\t\t\t<\/div>\n\t\t\t\t<\/div>\n\t\t<div class=\"elementor-element elementor-element-cc464d7 e-flex e-con-boxed e-con e-parent\" data-id=\"cc464d7\" data-element_type=\"container\" data-core-v316-plus=\"true\">\n\t\t\t\t\t<div class=\"e-con-inner\">\n\t\t<div class=\"elementor-element elementor-element-d8e94b1 e-con-full e-flex e-con e-child\" data-id=\"d8e94b1\" data-element_type=\"container\">\n\t\t\t\t<div class=\"elementor-element elementor-element-c69e459 elementor-widget elementor-widget-image\" data-id=\"c69e459\" data-element_type=\"widget\" data-widget_type=\"image.default\">\n\t\t\t\t<div class=\"elementor-widget-container\">\n\t\t\t<style>\/*! elementor - v3.20.0 - 10-04-2024 *\/\n.elementor-widget-image{text-align:center}.elementor-widget-image a{display:inline-block}.elementor-widget-image a img[src$=\".svg\"]{width:48px}.elementor-widget-image img{vertical-align:middle;display:inline-block}<\/style>\t\t\t\t\t\t\t\t\t\t<img fetchpriority=\"high\" decoding=\"async\" width=\"750\" height=\"527\" src=\"https:\/\/satconsult.fr\/wp-content\/uploads\/2024\/03\/barrage-bcr.jpg\" class=\"attachment-large size-large wp-image-610\" alt=\"\" srcset=\"https:\/\/satconsult.fr\/wp-content\/uploads\/2024\/03\/barrage-bcr.jpg 750w, https:\/\/satconsult.fr\/wp-content\/uploads\/2024\/03\/barrage-bcr-300x211.jpg 300w\" sizes=\"(max-width: 750px) 100vw, 750px\" \/>\t\t\t\t\t\t\t\t\t\t\t\t\t<\/div>\n\t\t\t\t<\/div>\n\t\t\t\t<\/div>\n\t\t<div class=\"elementor-element elementor-element-e13a3b0 e-con-full e-flex e-con e-child\" data-id=\"e13a3b0\" data-element_type=\"container\" data-settings=\"{&quot;background_background&quot;:&quot;classic&quot;}\">\n\t\t\t\t<div class=\"elementor-element elementor-element-0cd4c3c elementor-widget elementor-widget-heading\" data-id=\"0cd4c3c\" data-element_type=\"widget\" data-widget_type=\"heading.default\">\n\t\t\t\t<div class=\"elementor-widget-container\">\n\t\t\t<h2 class=\"elementor-heading-title elementor-size-default\">Construction of compacted rouled concrete dams on Oued Bou'Khlef \u00e0 Chbika - Kairouan - Tunisia<\/h2>\t\t<\/div>\n\t\t\t\t<\/div>\n\t\t\t\t<\/div>\n\t\t\t\t\t<\/div>\n\t\t\t\t<\/div>\n\t\t<div class=\"elementor-element elementor-element-3e8cc5e e-flex e-con-boxed e-con e-parent\" data-id=\"3e8cc5e\" data-element_type=\"container\" data-core-v316-plus=\"true\">\n\t\t\t\t\t<div class=\"e-con-inner\">\n\t\t<div class=\"elementor-element elementor-element-c5702a2 e-con-full e-flex e-con e-child\" data-id=\"c5702a2\" data-element_type=\"container\">\n\t\t\t\t<div class=\"elementor-element elementor-element-8fb59ae elementor-widget elementor-widget-image\" data-id=\"8fb59ae\" data-element_type=\"widget\" data-widget_type=\"image.default\">\n\t\t\t\t<div class=\"elementor-widget-container\">\n\t\t\t\t\t\t\t\t\t\t\t\t\t<img decoding=\"async\" width=\"750\" height=\"527\" src=\"https:\/\/satconsult.fr\/wp-content\/uploads\/2024\/03\/station-eau-sibiti.jpg\" class=\"attachment-large size-large wp-image-620\" alt=\"\" srcset=\"https:\/\/satconsult.fr\/wp-content\/uploads\/2024\/03\/station-eau-sibiti.jpg 750w, https:\/\/satconsult.fr\/wp-content\/uploads\/2024\/03\/station-eau-sibiti-300x211.jpg 300w\" sizes=\"(max-width: 750px) 100vw, 750px\" \/>\t\t\t\t\t\t\t\t\t\t\t\t\t<\/div>\n\t\t\t\t<\/div>\n\t\t\t\t<\/div>\n\t\t<div class=\"elementor-element elementor-element-615a9c5 e-con-full e-flex e-con e-child\" data-id=\"615a9c5\" data-element_type=\"container\" data-settings=\"{&quot;background_background&quot;:&quot;classic&quot;}\">\n\t\t\t\t<div class=\"elementor-element elementor-element-574d977 elementor-widget elementor-widget-heading\" data-id=\"574d977\" data-element_type=\"widget\" data-widget_type=\"heading.default\">\n\t\t\t\t<div class=\"elementor-widget-container\">\n\t\t\t<h2 class=\"elementor-heading-title elementor-size-default\">Design and study of drinking water station - Sibiti - Republic of Congo<\/h2>\t\t<\/div>\n\t\t\t\t<\/div>\n\t\t\t\t<\/div>\n\t\t\t\t\t<\/div>\n\t\t\t\t<\/div>\n\t\t<div class=\"elementor-element elementor-element-1d6b764 e-flex e-con-boxed e-con e-parent\" data-id=\"1d6b764\" data-element_type=\"container\" data-core-v316-plus=\"true\">\n\t\t\t\t\t<div class=\"e-con-inner\">\n\t\t<div class=\"elementor-element elementor-element-2d12f0b e-con-full e-flex e-con e-child\" data-id=\"2d12f0b\" data-element_type=\"container\">\n\t\t\t\t<div class=\"elementor-element elementor-element-2c9b723 elementor-widget elementor-widget-image\" data-id=\"2c9b723\" data-element_type=\"widget\" data-widget_type=\"image.default\">\n\t\t\t\t<div class=\"elementor-widget-container\">\n\t\t\t\t\t\t\t\t\t\t\t\t\t<img decoding=\"async\" width=\"750\" height=\"527\" src=\"https:\/\/satconsult.fr\/wp-content\/uploads\/2024\/03\/reservoir-eau.jpg\" class=\"attachment-large size-large wp-image-622\" alt=\"\" srcset=\"https:\/\/satconsult.fr\/wp-content\/uploads\/2024\/03\/reservoir-eau.jpg 750w, https:\/\/satconsult.fr\/wp-content\/uploads\/2024\/03\/reservoir-eau-300x211.jpg 300w\" sizes=\"(max-width: 750px) 100vw, 750px\" \/>\t\t\t\t\t\t\t\t\t\t\t\t\t<\/div>\n\t\t\t\t<\/div>\n\t\t\t\t<\/div>\n\t\t<div class=\"elementor-element elementor-element-bbb9cf7 e-con-full e-flex e-con e-child\" data-id=\"bbb9cf7\" data-element_type=\"container\" data-settings=\"{&quot;background_background&quot;:&quot;classic&quot;}\">\n\t\t\t\t<div class=\"elementor-element elementor-element-bc5f925 elementor-widget elementor-widget-heading\" data-id=\"bc5f925\" data-element_type=\"widget\" data-widget_type=\"heading.default\">\n\t\t\t\t<div class=\"elementor-widget-container\">\n\t\t\t<h2 class=\"elementor-heading-title elementor-size-default\">Project for the construction of a water tank and a booster room in Moanda - Gabon <\/h2>\t\t<\/div>\n\t\t\t\t<\/div>\n\t\t\t\t<\/div>\n\t\t\t\t\t<\/div>\n\t\t\t\t<\/div>\n\t\t<div class=\"elementor-element elementor-element-94166f3 e-flex e-con-boxed e-con e-parent\" data-id=\"94166f3\" data-element_type=\"container\" data-core-v316-plus=\"true\">\n\t\t\t\t\t<div class=\"e-con-inner\">\n\t\t<div class=\"elementor-element elementor-element-4b0f17e e-con-full e-flex e-con e-child\" data-id=\"4b0f17e\" data-element_type=\"container\">\n\t\t\t\t<div class=\"elementor-element elementor-element-9f706c8 elementor-widget elementor-widget-image\" data-id=\"9f706c8\" data-element_type=\"widget\" data-widget_type=\"image.default\">\n\t\t\t\t<div class=\"elementor-widget-container\">\n\t\t\t\t\t\t\t\t\t\t\t\t\t<img loading=\"lazy\" decoding=\"async\" width=\"750\" height=\"527\" src=\"https:\/\/satconsult.fr\/wp-content\/uploads\/2024\/03\/station-mazeras.jpg\" class=\"attachment-large size-large wp-image-623\" alt=\"\" srcset=\"https:\/\/satconsult.fr\/wp-content\/uploads\/2024\/03\/station-mazeras.jpg 750w, https:\/\/satconsult.fr\/wp-content\/uploads\/2024\/03\/station-mazeras-300x211.jpg 300w\" sizes=\"(max-width: 750px) 100vw, 750px\" \/>\t\t\t\t\t\t\t\t\t\t\t\t\t<\/div>\n\t\t\t\t<\/div>\n\t\t\t\t<\/div>\n\t\t<div class=\"elementor-element elementor-element-99001e9 e-con-full e-flex e-con e-child\" data-id=\"99001e9\" data-element_type=\"container\" data-settings=\"{&quot;background_background&quot;:&quot;classic&quot;}\">\n\t\t\t\t<div class=\"elementor-element elementor-element-f64a87e elementor-widget elementor-widget-heading\" data-id=\"f64a87e\" data-element_type=\"widget\" data-widget_type=\"heading.default\">\n\t\t\t\t<div class=\"elementor-widget-container\">\n\t\t\t<h2 class=\"elementor-heading-title elementor-size-default\">Project to rehabilitate water reservoirs at the Mazeras station in Mombaza, Kenya<\/h2>\t\t<\/div>\n\t\t\t\t<\/div>\n\t\t\t\t<\/div>\n\t\t\t\t\t<\/div>\n\t\t\t\t<\/div>\n\t\t<div class=\"elementor-element elementor-element-2c8deb3 e-flex e-con-boxed e-con e-parent\" data-id=\"2c8deb3\" data-element_type=\"container\" data-core-v316-plus=\"true\">\n\t\t\t\t\t<div class=\"e-con-inner\">\n\t\t<div class=\"elementor-element elementor-element-0ce8de4 e-con-full e-flex e-con e-child\" data-id=\"0ce8de4\" data-element_type=\"container\">\n\t\t\t\t<div class=\"elementor-element elementor-element-203f940 elementor-widget elementor-widget-image\" data-id=\"203f940\" data-element_type=\"widget\" data-widget_type=\"image.default\">\n\t\t\t\t<div class=\"elementor-widget-container\">\n\t\t\t\t\t\t\t\t\t\t\t\t\t<img loading=\"lazy\" decoding=\"async\" width=\"750\" height=\"527\" src=\"https:\/\/satconsult.fr\/wp-content\/uploads\/2024\/03\/unite-dessalement.jpg\" class=\"attachment-large size-large wp-image-627\" alt=\"\" srcset=\"https:\/\/satconsult.fr\/wp-content\/uploads\/2024\/03\/unite-dessalement.jpg 750w, https:\/\/satconsult.fr\/wp-content\/uploads\/2024\/03\/unite-dessalement-300x211.jpg 300w\" sizes=\"(max-width: 750px) 100vw, 750px\" \/>\t\t\t\t\t\t\t\t\t\t\t\t\t<\/div>\n\t\t\t\t<\/div>\n\t\t\t\t<\/div>\n\t\t<div class=\"elementor-element elementor-element-798716a e-con-full e-flex e-con e-child\" data-id=\"798716a\" data-element_type=\"container\" data-settings=\"{&quot;background_background&quot;:&quot;classic&quot;}\">\n\t\t\t\t<div class=\"elementor-element elementor-element-e3e12d7 elementor-widget elementor-widget-heading\" data-id=\"e3e12d7\" data-element_type=\"widget\" data-widget_type=\"heading.default\">\n\t\t\t\t<div class=\"elementor-widget-container\">\n\t\t\t<h2 class=\"elementor-heading-title elementor-size-default\">Design of the unit of desalination of sea water by osmosis reverses at Skhira - Tunisia<\/h2>\t\t<\/div>\n\t\t\t\t<\/div>\n\t\t\t\t<\/div>\n\t\t\t\t\t<\/div>\n\t\t\t\t<\/div>\n\t\t<div class=\"elementor-element elementor-element-7128ae7 e-flex e-con-boxed e-con e-parent\" data-id=\"7128ae7\" data-element_type=\"container\" data-core-v316-plus=\"true\">\n\t\t\t\t\t<div class=\"e-con-inner\">\n\t\t<div class=\"elementor-element elementor-element-32ac00e e-con-full e-flex e-con e-child\" data-id=\"32ac00e\" data-element_type=\"container\">\n\t\t\t\t<div class=\"elementor-element elementor-element-4312640 elementor-widget elementor-widget-image\" data-id=\"4312640\" data-element_type=\"widget\" data-widget_type=\"image.default\">\n\t\t\t\t<div class=\"elementor-widget-container\">\n\t\t\t\t\t\t\t\t\t\t\t\t\t<img loading=\"lazy\" decoding=\"async\" width=\"750\" height=\"527\" src=\"https:\/\/satconsult.fr\/wp-content\/uploads\/2024\/03\/epuration-eau.jpg\" class=\"attachment-large size-large wp-image-629\" alt=\"\" srcset=\"https:\/\/satconsult.fr\/wp-content\/uploads\/2024\/03\/epuration-eau.jpg 750w, https:\/\/satconsult.fr\/wp-content\/uploads\/2024\/03\/epuration-eau-300x211.jpg 300w\" sizes=\"(max-width: 750px) 100vw, 750px\" \/>\t\t\t\t\t\t\t\t\t\t\t\t\t<\/div>\n\t\t\t\t<\/div>\n\t\t\t\t<\/div>\n\t\t<div class=\"elementor-element elementor-element-66f8742 e-con-full e-flex e-con e-child\" data-id=\"66f8742\" data-element_type=\"container\" data-settings=\"{&quot;background_background&quot;:&quot;classic&quot;}\">\n\t\t\t\t<div class=\"elementor-element elementor-element-cf413fd elementor-widget elementor-widget-heading\" data-id=\"cf413fd\" data-element_type=\"widget\" data-widget_type=\"heading.default\">\n\t\t\t\t<div class=\"elementor-widget-container\">\n\t\t\t<h2 class=\"elementor-heading-title elementor-size-default\">Execution studies of the Reghaia wastewater treatment plant - Algeria<\/h2>\t\t<\/div>\n\t\t\t\t<\/div>\n\t\t\t\t<\/div>\n\t\t\t\t\t<\/div>\n\t\t\t\t<\/div>\n\t\t<div class=\"elementor-element elementor-element-fe49d7b e-flex e-con-boxed e-con e-parent\" data-id=\"fe49d7b\" data-element_type=\"container\" data-core-v316-plus=\"true\">\n\t\t\t\t\t<div class=\"e-con-inner\">\n\t\t<div class=\"elementor-element elementor-element-92b9cc8 e-con-full e-flex e-con e-child\" data-id=\"92b9cc8\" data-element_type=\"container\">\n\t\t\t\t<div class=\"elementor-element elementor-element-ad0f1f8 elementor-widget elementor-widget-image\" data-id=\"ad0f1f8\" data-element_type=\"widget\" data-widget_type=\"image.default\">\n\t\t\t\t<div class=\"elementor-widget-container\">\n\t\t\t\t\t\t\t\t\t\t\t\t\t<img loading=\"lazy\" decoding=\"async\" width=\"750\" height=\"527\" src=\"https:\/\/satconsult.fr\/wp-content\/uploads\/2024\/03\/station-eau-aintinn.jpg\" class=\"attachment-large size-large wp-image-630\" alt=\"\" srcset=\"https:\/\/satconsult.fr\/wp-content\/uploads\/2024\/03\/station-eau-aintinn.jpg 750w, https:\/\/satconsult.fr\/wp-content\/uploads\/2024\/03\/station-eau-aintinn-300x211.jpg 300w\" sizes=\"(max-width: 750px) 100vw, 750px\" \/>\t\t\t\t\t\t\t\t\t\t\t\t\t<\/div>\n\t\t\t\t<\/div>\n\t\t\t\t<\/div>\n\t\t<div class=\"elementor-element elementor-element-ff947b8 e-con-full e-flex e-con e-child\" data-id=\"ff947b8\" data-element_type=\"container\" data-settings=\"{&quot;background_background&quot;:&quot;classic&quot;}\">\n\t\t\t\t<div class=\"elementor-element elementor-element-a4309be elementor-widget elementor-widget-heading\" data-id=\"a4309be\" data-element_type=\"widget\" data-widget_type=\"heading.default\">\n\t\t\t\t<div class=\"elementor-widget-container\">\n\t\t\t<h2 class=\"elementor-heading-title elementor-size-default\">Execution studies of the Ain Tinn drinking water station - Algeria<\/h2>\t\t<\/div>\n\t\t\t\t<\/div>\n\t\t\t\t<\/div>\n\t\t\t\t\t<\/div>\n\t\t\t\t<\/div>\n\t\t<div class=\"elementor-element elementor-element-995a605 e-flex e-con-boxed e-con e-parent\" data-id=\"995a605\" data-element_type=\"container\" data-core-v316-plus=\"true\">\n\t\t\t\t\t<div class=\"e-con-inner\">\n\t\t<div class=\"elementor-element elementor-element-1956d35 e-con-full e-flex e-con e-child\" data-id=\"1956d35\" data-element_type=\"container\">\n\t\t\t\t<div class=\"elementor-element elementor-element-2ef4455 elementor-widget elementor-widget-image\" data-id=\"2ef4455\" data-element_type=\"widget\" data-widget_type=\"image.default\">\n\t\t\t\t<div class=\"elementor-widget-container\">\n\t\t\t\t\t\t\t\t\t\t\t\t\t<img loading=\"lazy\" decoding=\"async\" width=\"750\" height=\"527\" src=\"https:\/\/satconsult.fr\/wp-content\/uploads\/2024\/03\/koudiat-madouar-1.jpg\" class=\"attachment-large size-large wp-image-632\" alt=\"\" srcset=\"https:\/\/satconsult.fr\/wp-content\/uploads\/2024\/03\/koudiat-madouar-1.jpg 750w, https:\/\/satconsult.fr\/wp-content\/uploads\/2024\/03\/koudiat-madouar-1-300x211.jpg 300w\" sizes=\"(max-width: 750px) 100vw, 750px\" \/>\t\t\t\t\t\t\t\t\t\t\t\t\t<\/div>\n\t\t\t\t<\/div>\n\t\t\t\t<\/div>\n\t\t<div class=\"elementor-element elementor-element-01d3046 e-con-full e-flex e-con e-child\" data-id=\"01d3046\" data-element_type=\"container\" data-settings=\"{&quot;background_background&quot;:&quot;classic&quot;}\">\n\t\t\t\t<div class=\"elementor-element elementor-element-975a617 elementor-widget elementor-widget-heading\" data-id=\"975a617\" data-element_type=\"widget\" data-widget_type=\"heading.default\">\n\t\t\t\t<div class=\"elementor-widget-container\">\n\t\t\t<h2 class=\"elementor-heading-title elementor-size-default\">Execution studies of the Koudiat Madouar drinking water station - Algeria<\/h2>\t\t<\/div>\n\t\t\t\t<\/div>\n\t\t\t\t<\/div>\n\t\t\t\t\t<\/div>\n\t\t\t\t<\/div>\n\t\t\t\t<\/div>","protected":false},"excerpt":{"rendered":"<p>R\u00e9f\u00e9rences en infrastructures hydrauliques Projet de construction du barrage en BCR ASUR Oued Bou&rsquo;Khlef \u00e0 Chbika &#8211; Kairouen &#8211; Tunisie [&hellip;]<\/p>","protected":false},"author":1,"featured_media":0,"parent":0,"menu_order":0,"comment_status":"closed","ping_status":"closed","template":"","meta":{"site-sidebar-layout":"no-sidebar","site-content-layout":"","ast-site-content-layout":"full-width-container","site-content-style":"default","site-sidebar-style":"default","ast-global-header-display":"","ast-banner-title-visibility":"","ast-main-header-display":"","ast-hfb-above-header-display":"","ast-hfb-below-header-display":"","ast-hfb-mobile-header-display":"","site-post-title":"disabled","ast-breadcrumbs-content":"","ast-featured-img":"disabled","footer-sml-layout":"","theme-transparent-header-meta":"","adv-header-id-meta":"","stick-header-meta":"","header-above-stick-meta":"","header-main-stick-meta":"","header-below-stick-meta":"","astra-migrate-meta-layouts":"default","ast-page-background-enabled":"default","ast-page-background-meta":{"desktop":{"background-color":"var(--ast-global-color-4)","background-image":"","background-repeat":"repeat","background-position":"center center","background-size":"auto","background-attachment":"scroll","background-type":"","background-media":"","overlay-type":"","overlay-color":"","overlay-gradient":""},"tablet":{"background-color":"","background-image":"","background-repeat":"repeat","background-position":"center center","background-size":"auto","background-attachment":"scroll","background-type":"","background-media":"","overlay-type":"","overlay-color":"","overlay-gradient":""},"mobile":{"background-color":"","background-image":"","background-repeat":"repeat","background-position":"center center","background-size":"auto","background-attachment":"scroll","background-type":"","background-media":"","overlay-type":"","overlay-color":"","overlay-gradient":""}},"ast-content-background-meta":{"desktop":{"background-color":"var(--ast-global-color-5)","background-image":"","background-repeat":"repeat","background-position":"center center","background-size":"auto","background-attachment":"scroll","background-type":"","background-media":"","overlay-type":"","overlay-color":"","overlay-gradient":""},"tablet":{"background-color":"var(--ast-global-color-5)","background-image":"","background-repeat":"repeat","background-position":"center center","background-size":"auto","background-attachment":"scroll","background-type":"","background-media":"","overlay-type":"","overlay-color":"","overlay-gradient":""},"mobile":{"background-color":"var(--ast-global-color-5)","background-image":"","background-repeat":"repeat","background-position":"center center","background-size":"auto","background-attachment":"scroll","background-type":"","background-media":"","overlay-type":"","overlay-color":"","overlay-gradient":""}},"footnotes":""},"class_list":["post-36","page","type-page","status-publish","hentry"],"_links":{"self":[{"href":"https:\/\/satconsult.fr\/en\/wp-json\/wp\/v2\/pages\/36","targetHints":{"allow":["GET"]}}],"collection":[{"href":"https:\/\/satconsult.fr\/en\/wp-json\/wp\/v2\/pages"}],"about":[{"href":"https:\/\/satconsult.fr\/en\/wp-json\/wp\/v2\/types\/page"}],"author":[{"embeddable":true,"href":"https:\/\/satconsult.fr\/en\/wp-json\/wp\/v2\/users\/1"}],"replies":[{"embeddable":true,"href":"https:\/\/satconsult.fr\/en\/wp-json\/wp\/v2\/comments?post=36"}],"version-history":[{"count":25,"href":"https:\/\/satconsult.fr\/en\/wp-json\/wp\/v2\/pages\/36\/revisions"}],"predecessor-version":[{"id":638,"href":"https:\/\/satconsult.fr\/en\/wp-json\/wp\/v2\/pages\/36\/revisions\/638"}],"wp:attachment":[{"href":"https:\/\/satconsult.fr\/en\/wp-json\/wp\/v2\/media?parent=36"}],"curies":[{"name":"wp","href":"https:\/\/api.w.org\/{rel}","templated":true}]}}